{"id":3169,"date":"2022-08-06T10:10:07","date_gmt":"2022-08-06T10:10:07","guid":{"rendered":"https:\/\/apd2022.net\/?page_id=3169"},"modified":"2022-08-18T17:18:52","modified_gmt":"2022-08-18T17:18:52","slug":"inscricao-para-comunicadores","status":"publish","type":"page","link":"https:\/\/apd2022.net\/en\/inscricao-para-comunicadores\/","title":{"rendered":"Registration for authors"},"content":{"rendered":"<div data-elementor-type=\"wp-page\" data-elementor-id=\"3169\" class=\"elementor elementor-3169\">\n\t\t\t\t\t\t\t\t\t<section class=\"elementor-section elementor-top-section elementor-element elementor-element-efcff70 elementor-section-boxed elementor-section-height-default elementor-section-height-default\" data-id=\"efcff70\" data-element_type=\"section\">\n\t\t\t\t\t\t<div class=\"elementor-container elementor-column-gap-default\">\n\t\t\t\t\t<div class=\"elementor-column elementor-col-100 elementor-top-column elementor-element elementor-element-7a2d55f\" data-id=\"7a2d55f\" data-element_type=\"column\">\n\t\t\t<div class=\"elementor-widget-wrap elementor-element-populated\">\n\t\t\t\t\t\t\t\t<div class=\"elementor-element elementor-element-2251196 elementor-widget elementor-widget-text-editor\" data-id=\"2251196\" data-element_type=\"widget\" data-widget_type=\"text-editor.default\">\n\t\t\t\t<div class=\"elementor-widget-container\">\n\t\t\t<style>\/*! elementor - v3.6.7 - 03-07-2022 *\/\n.elementor-widget-text-editor.elementor-drop-cap-view-stacked .elementor-drop-cap{background-color:#818a91;color:#fff}.elementor-widget-text-editor.elementor-drop-cap-view-framed .elementor-drop-cap{color:#818a91;border:3px solid;background-color:transparent}.elementor-widget-text-editor:not(.elementor-drop-cap-view-default) .elementor-drop-cap{margin-top:8px}.elementor-widget-text-editor:not(.elementor-drop-cap-view-default) .elementor-drop-cap-letter{width:1em;height:1em}.elementor-widget-text-editor .elementor-drop-cap{float:left;text-align:center;line-height:1;font-size:50px}.elementor-widget-text-editor .elementor-drop-cap-letter{display:inline-block}<\/style>\t\t\t\tThank you for submitting one or more Presentations or Posters to the VI Portuguese Conference on Demography.\n<br\/>\nIf you are not an Author (i.e., you're not presenting a paper or poster) but would like to attend the Conference, please click. <a href=\"https:\/\/apd2022.net\/en\/product\/ingresso-para-assistencia\/\">here<\/a>.\n<br\/>\nAuthor names are listed below. Choose yours, then register and pay.\n<br\/>\nIf you have any difficulties, please send us an email to <a href=\"mailto:geral@apdemografia.pt\">geral@apdemografia.pt<\/a>\t\t\t\t\t\t<\/div>\n\t\t\t\t<\/div>\n\t\t\t\t\t<\/div>\n\t\t<\/div>\n\t\t\t\t\t\t\t<\/div>\n\t\t<\/section>\n\t\t\t\t<section class=\"elementor-section elementor-top-section elementor-element elementor-element-8304adf elementor-section-boxed elementor-section-height-default elementor-section-height-default\" data-id=\"8304adf\" data-element_type=\"section\">\n\t\t\t\t\t\t<div class=\"elementor-container elementor-column-gap-default\">\n\t\t\t\t\t<div class=\"elementor-column elementor-col-100 elementor-top-column elementor-element elementor-element-bee6b24\" data-id=\"bee6b24\" data-element_type=\"column\">\n\t\t\t<div class=\"elementor-widget-wrap\">\n\t\t\t\t\t\t\t\t\t<\/div>\n\t\t<\/div>\n\t\t\t\t\t\t\t<\/div>\n\t\t<\/section>\n\t\t\t\t\t\t\t<\/div>","protected":false},"excerpt":{"rendered":"<p>Obrigado por ter submetido uma ou mais Comunica\u00e7\u00f5es ou Posters ao VI Congresso Portugu\u00eas de Demografia. Se n\u00e3o \u00e9 Autor e pretende assistir ao Congresso adquira o seu ingresso aqui. Os nomes dos autores est\u00e3o presentes na lista abaixo. Escolha [&hellip;]<\/p>","protected":false},"author":1,"featured_media":0,"parent":0,"menu_order":0,"comment_status":"closed","ping_status":"closed","template":"","meta":{"footnotes":""},"_links":{"self":[{"href":"https:\/\/apd2022.net\/en\/wp-json\/wp\/v2\/pages\/3169"}],"collection":[{"href":"https:\/\/apd2022.net\/en\/wp-json\/wp\/v2\/pages"}],"about":[{"href":"https:\/\/apd2022.net\/en\/wp-json\/wp\/v2\/types\/page"}],"author":[{"embeddable":true,"href":"https:\/\/apd2022.net\/en\/wp-json\/wp\/v2\/users\/1"}],"replies":[{"embeddable":true,"href":"https:\/\/apd2022.net\/en\/wp-json\/wp\/v2\/comments?post=3169"}],"version-history":[{"count":5,"href":"https:\/\/apd2022.net\/en\/wp-json\/wp\/v2\/pages\/3169\/revisions"}],"predecessor-version":[{"id":4249,"href":"https:\/\/apd2022.net\/en\/wp-json\/wp\/v2\/pages\/3169\/revisions\/4249"}],"wp:attachment":[{"href":"https:\/\/apd2022.net\/en\/wp-json\/wp\/v2\/media?parent=3169"}],"curies":[{"name":"wp","href":"https:\/\/api.w.org\/{rel}","templated":true}]}}