{"id":4550,"date":"2022-08-30T15:19:30","date_gmt":"2022-08-30T15:19:30","guid":{"rendered":"https:\/\/apd2022.net\/?page_id=4550"},"modified":"2022-09-30T22:40:42","modified_gmt":"2022-09-30T22:40:42","slug":"programa","status":"publish","type":"page","link":"https:\/\/apd2022.net\/en\/programa\/","title":{"rendered":"Programa Final"},"content":{"rendered":"<div data-elementor-type=\"wp-page\" data-elementor-id=\"4550\" class=\"elementor elementor-4550\">\n\t\t\t\t\t\t\t\t\t<section class=\"elementor-section elementor-top-section elementor-element elementor-element-0e235d6 elementor-section-boxed elementor-section-height-default elementor-section-height-default\" data-id=\"0e235d6\" data-element_type=\"section\" id=\"programa-detalhado\">\n\t\t\t\t\t\t<div class=\"elementor-container elementor-column-gap-default\">\n\t\t\t\t\t<div class=\"elementor-column elementor-col-100 elementor-top-column elementor-element elementor-element-7eff9b9\" data-id=\"7eff9b9\" data-element_type=\"column\">\n\t\t\t<div class=\"elementor-widget-wrap\">\n\t\t\t\t\t\t\t\t\t<\/div>\n\t\t<\/div>\n\t\t\t\t\t\t\t<\/div>\n\t\t<\/section>\n\t\t\t\t\t\t\t<\/div>","protected":false},"excerpt":{"rendered":"<p>All Topics Fecundidade, fam\u00edlias e conjugalidades Mortalidade, Sa\u00fade e Epidemiologia Migra\u00e7\u00f5es internacionais Popula\u00e7\u00e3o, habita\u00e7\u00e3o e desigualdades Envelhecimento e longevidade Demografia, economia e pol\u00edticas p\u00fablicas Mobilidades e territ\u00f3rios Demografia e Ambiente Demografia, pol\u00edtica e perspetivas internacionais Outros temas Expand All + [&hellip;]<\/p>","protected":false},"author":1,"featured_media":0,"parent":0,"menu_order":0,"comment_status":"closed","ping_status":"closed","template":"","meta":{"footnotes":""},"_links":{"self":[{"href":"https:\/\/apd2022.net\/en\/wp-json\/wp\/v2\/pages\/4550"}],"collection":[{"href":"https:\/\/apd2022.net\/en\/wp-json\/wp\/v2\/pages"}],"about":[{"href":"https:\/\/apd2022.net\/en\/wp-json\/wp\/v2\/types\/page"}],"author":[{"embeddable":true,"href":"https:\/\/apd2022.net\/en\/wp-json\/wp\/v2\/users\/1"}],"replies":[{"embeddable":true,"href":"https:\/\/apd2022.net\/en\/wp-json\/wp\/v2\/comments?post=4550"}],"version-history":[{"count":5,"href":"https:\/\/apd2022.net\/en\/wp-json\/wp\/v2\/pages\/4550\/revisions"}],"predecessor-version":[{"id":4996,"href":"https:\/\/apd2022.net\/en\/wp-json\/wp\/v2\/pages\/4550\/revisions\/4996"}],"wp:attachment":[{"href":"https:\/\/apd2022.net\/en\/wp-json\/wp\/v2\/media?parent=4550"}],"curies":[{"name":"wp","href":"https:\/\/api.w.org\/{rel}","templated":true}]}}